{"id":41,"date":"2025-09-25T17:21:17","date_gmt":"2025-09-25T17:21:17","guid":{"rendered":"https:\/\/budpo.pl\/?page_id=41"},"modified":"2026-03-18T16:58:55","modified_gmt":"2026-03-18T16:58:55","slug":"home","status":"publish","type":"page","link":"https:\/\/budpo.pl\/","title":{"rendered":"Home"},"content":{"rendered":"\t\t<div data-elementor-type=\"wp-page\" data-elementor-id=\"41\" class=\"elementor elementor-41\">\n\t\t\t\t<main class=\"elementor-element elementor-element-7426c920 e-con-full e-flex e-con e-parent\" data-id=\"7426c920\" data-element_type=\"container\" data-e-type=\"container\" data-settings=\"{&quot;background_background&quot;:&quot;classic&quot;}\">\n\t\t<div class=\"elementor-element elementor-element-516fd67 e-con-full e-flex e-con e-child\" data-id=\"516fd67\" data-element_type=\"container\" data-e-type=\"container\">\n\t\t\t\t<div class=\"elementor-element elementor-element-f684218 elementor-widget__width-inherit elementor-widget-mobile__width-inherit elementor-widget elementor-widget-image\" data-id=\"f684218\" data-element_type=\"widget\" data-e-type=\"widget\" data-widget_type=\"image.default\">\n\t\t\t\t\t\t\t\t\t\t\t\t\t\t\t<img decoding=\"async\" src=\"https:\/\/budpo.pl\/wp-content\/uploads\/elementor\/thumbs\/targi-budowlane-budpo-2027-rkp5zr3owfq8ouo9w9mkjihp3rcqtqas9spur02jnk.webp\" title=\"targi budowlane budpo 2027\" alt=\"targi budowlane budpo 2027\" loading=\"lazy\" \/>\t\t\t\t\t\t\t\t\t\t\t\t\t\t\t<\/div>\n\t\t\t\t<\/div>\n\t\t<div class=\"elementor-element elementor-element-e715f8f e-flex e-con-boxed e-con e-child\" data-id=\"e715f8f\" data-element_type=\"container\" data-e-type=\"container\">\n\t\t\t\t\t<div class=\"e-con-inner\">\n\t\t\t\t<div class=\"elementor-element elementor-element-1e11352 elementor-widget elementor-widget-text-editor\" data-id=\"1e11352\" data-element_type=\"widget\" data-e-type=\"widget\" data-widget_type=\"text-editor.default\">\n\t\t\t\t\t\t\t\t\t<p>Szanowni Pa\u0144stwo,<br \/>Z przyczyn od nas niezale\u017cnych zdecydowali\u015bmy o przeniesieniu organizacji pierszych targ\u00f3w pod mark\u0105 Budpo na kolejny rok. Serdecznie zapraszamy do rozm\u00f3w i zg\u0142aszania waszych uwag do pomys\u0142u organizacji wydarzenia w My\u015blenicach w 2027 roku.<\/p><p>A zatem, zapraszamy do udzia\u0142u w <strong>Targach Budowlanych BUDPO 2027<\/strong>, kt\u00f3re odb\u0119d\u0105 si\u0119 wiosn\u0105<strong> 2027 r. <\/strong>w Hali Widowiskowo-Sportowej w My\u015blenicach. To kluczowe wydarzenie bran\u017cy budowlanej w Ma\u0142opolsce \u2013 doskona\u0142a okazja, by zaprezentowa\u0107 ofert\u0119 potencjalnym klientom, partnerom i inwestorom.<\/p><p><strong>Na wystawc\u00f3w czeka:<\/strong><\/p><ul><li><strong>W pe\u0142ni wyposa\u017cona zabudowa targowa<\/strong> typu OKTANORM, dostosowana do indywidualnych potrzeb.<\/li><li><strong>Du\u017ce powierzchnie zewn\u0119trzne<\/strong> do ekspozycji maszyn, pojazd\u00f3w i sprz\u0119tu.<\/li><li><strong>Atrakcyjne warunki uczestnictwa<\/strong> \u2013 dla firm lokalnych i og\u00f3lnopolskich.<\/li><\/ul><p>Udzia\u0142 mog\u0105 wzi\u0105\u0107 przedsi\u0119biorstwa z bran\u017cy budowlanej, instalacyjnej, OZE, wyko\u0144czeniowej oraz producenci wyposa\u017cenia, dekoracji, ogrod\u00f3w i ogrodze\u0144. Zapraszamy r\u00f3wnie\u017c firmy z innych sektor\u00f3w \u2013 m.in. wellness, kosmetycznego czy us\u0142ug dla domu chc\u0105cych dotrze\u0107 do nowych klient\u00f3w.<\/p><p><strong>Kontakt z organizatorem:<\/strong><br \/>\ud83d\udcde 695 956 666 | \u2709\ufe0f <a href=\"mailto:zbyszek.bylica@interia.pl\">zbyszek.bylica[@]interia.pl<\/a><br \/>\ud83d\udcde 730 122 255| \u2709\ufe0f <a href=\"mailto:biuro@budpo.pl\">biuro [@]budpo.pl<\/a><\/p><p>Wydarzenie odbywa si\u0119 pod patronatem oraz przy zaanga\u017cowaniu promocyjnym samorz\u0105d\u00f3w wojew\u00f3dztwa ma\u0142opolskiego, wspieraj\u0105cych rozw\u00f3j lokalnej przedsi\u0119biorczo\u015bci.<\/p>\t\t\t\t\t\t\t\t<\/div>\n\t\t\t\t<div class=\"elementor-element elementor-element-b9bc8a6 elementor-widget elementor-widget-heading\" data-id=\"b9bc8a6\" data-element_type=\"widget\" data-e-type=\"widget\" data-widget_type=\"heading.default\">\n\t\t\t\t\t<h1 class=\"elementor-heading-title elementor-size-default\">BUDPO 2027 <br> Budujemy przysz\u0142o\u015b\u0107 razem!<\/h1>\t\t\t\t<\/div>\n\t\t\t\t\t<\/div>\n\t\t\t\t<\/div>\n\t\t\t\t<\/main>\n\t\t\t\t<\/div>\n\t\t","protected":false},"excerpt":{"rendered":"<p>Szanowni Pa\u0144stwo,Z przyczyn od nas niezale\u017cnych zdecydowali\u015bmy o przeniesieniu organizacji pierszych targ\u00f3w pod mark\u0105 Budpo na kolejny rok. Serdecznie zapraszamy [&hellip;]<\/p>\n","protected":false},"author":1,"featured_media":45,"parent":0,"menu_order":0,"comment_status":"closed","ping_status":"closed","template":"elementor_header_footer","meta":{"site-sidebar-layout":"no-sidebar","site-content-layout":"","ast-site-content-layout":"full-width-container","site-content-style":"default","site-sidebar-style":"default","ast-global-header-display":"","ast-banner-title-visibility":"","ast-main-header-display":"","ast-hfb-above-header-display":"","ast-hfb-below-header-display":"","ast-hfb-mobile-header-display":"","site-post-title":"disabled","ast-breadcrumbs-content":"","ast-featured-img":"disabled","footer-sml-layout":"","ast-disable-related-posts":"","theme-transparent-header-meta":"","adv-header-id-meta":"","stick-header-meta":"","header-above-stick-meta":"","header-main-stick-meta":"","header-below-stick-meta":"","astra-migrate-meta-layouts":"default","ast-page-background-enabled":"default","ast-page-background-meta":{"desktop":{"background-color":"var(--ast-global-color-5)","background-image":"","background-repeat":"repeat","background-position":"center center","background-size":"auto","background-attachment":"scroll","background-type":"","background-media":"","overlay-type":"","overlay-color":"","overlay-opacity":"","overlay-gradient":""},"tablet":{"background-color":"","background-image":"","background-repeat":"repeat","background-position":"center center","background-size":"auto","background-attachment":"scroll","background-type":"","background-media":"","overlay-type":"","overlay-color":"","overlay-opacity":"","overlay-gradient":""},"mobile":{"background-color":"","background-image":"","background-repeat":"repeat","background-position":"center center","background-size":"auto","background-attachment":"scroll","background-type":"","background-media":"","overlay-type":"","overlay-color":"","overlay-opacity":"","overlay-gradient":""}},"ast-content-background-meta":{"desktop":{"background-color":"var(--ast-global-color-4)","background-image":"","background-repeat":"repeat","background-position":"center center","background-size":"auto","background-attachment":"scroll","background-type":"","background-media":"","overlay-type":"","overlay-color":"","overlay-opacity":"","overlay-gradient":""},"tablet":{"background-color":"var(--ast-global-color-4)","background-image":"","background-repeat":"repeat","background-position":"center center","background-size":"auto","background-attachment":"scroll","background-type":"","background-media":"","overlay-type":"","overlay-color":"","overlay-opacity":"","overlay-gradient":""},"mobile":{"background-color":"var(--ast-global-color-4)","background-image":"","background-repeat":"repeat","background-position":"center center","background-size":"auto","background-attachment":"scroll","background-type":"","background-media":"","overlay-type":"","overlay-color":"","overlay-opacity":"","overlay-gradient":""}},"footnotes":""},"class_list":["post-41","page","type-page","status-publish","has-post-thumbnail","hentry"],"_links":{"self":[{"href":"https:\/\/budpo.pl\/index.php?rest_route=\/wp\/v2\/pages\/41","targetHints":{"allow":["GET"]}}],"collection":[{"href":"https:\/\/budpo.pl\/index.php?rest_route=\/wp\/v2\/pages"}],"about":[{"href":"https:\/\/budpo.pl\/index.php?rest_route=\/wp\/v2\/types\/page"}],"author":[{"embeddable":true,"href":"https:\/\/budpo.pl\/index.php?rest_route=\/wp\/v2\/users\/1"}],"replies":[{"embeddable":true,"href":"https:\/\/budpo.pl\/index.php?rest_route=%2Fwp%2Fv2%2Fcomments&post=41"}],"version-history":[{"count":175,"href":"https:\/\/budpo.pl\/index.php?rest_route=\/wp\/v2\/pages\/41\/revisions"}],"predecessor-version":[{"id":339,"href":"https:\/\/budpo.pl\/index.php?rest_route=\/wp\/v2\/pages\/41\/revisions\/339"}],"wp:featuredmedia":[{"embeddable":true,"href":"https:\/\/budpo.pl\/index.php?rest_route=\/wp\/v2\/media\/45"}],"wp:attachment":[{"href":"https:\/\/budpo.pl\/index.php?rest_route=%2Fwp%2Fv2%2Fmedia&parent=41"}],"curies":[{"name":"wp","href":"https:\/\/api.w.org\/{rel}","templated":true}]}}